{"id":1461,"date":"2021-02-12T13:26:43","date_gmt":"2021-02-12T16:26:43","guid":{"rendered":"http:\/\/cristianyazigi.cl\/?page_id=1461"},"modified":"2021-02-17T12:49:36","modified_gmt":"2021-02-17T15:49:36","slug":"biografia","status":"publish","type":"page","link":"https:\/\/cristianyazigi.cl\/?page_id=1461","title":{"rendered":"Biografia"},"content":{"rendered":"<p>[vc_row][vc_column width=&#8221;1\/3&#8243;][vc_column_text css=&#8221;.vc_custom_1613576962900{padding-top: 50px !important;padding-right: 50px !important;padding-left: 50px !important;}&#8221;]<strong>Cristian Yazigi Arquitectos<\/strong><\/p>\n<p>Es una oficina de arquitectura situada en Santiago de Chile.<br \/>\nEn asociaci\u00f3n con otros arquitectos y de manera particular, la oficina ha desarrollado diversos encargos de arquitectura, tales como primeras viviendas situada en la capital, segundas viviendas de playa y de campo, quinchos, piscinas, y trabajos exteriores en general.<br \/>\nEl desarrollo de proyectos a sido a partir de obras nuevas y remodelaciones.<br \/>\nCada proyecto se entiende y estudia como una respuesta \u00fanica a partir del encargo, cliente, preexistencia y lugar.<\/p>\n<p>&nbsp;<\/p>\n<p>La oficina es dirigida por Cristian Yazigi, nacido el a\u00f1o 1980.<br \/>\nCristi\u00e1n se gradu\u00f3 de Arquitecto en la Universidad del Desarrollo el a\u00f1o 2005.<br \/>\nRealiz\u00f3 el M\u00e1ster Proyecto Siglo XXI, en la Universidad Polit\u00e9cnica de Catalunya el a\u00f1o 2008, dictado por Carlos Ferrater.<br \/>\nDurante los a\u00f1os 2018, 2019 y 2020, Cristi\u00e1n formo parte del equipo de Conceptualizaci\u00f3n y Dise\u00f1o de ETR arquitectos, dedicados al desarrollo inmobiliario dentro de la capital.<br \/>\nEn paralelo al desarrollo de proyectos, Cristi\u00e1n se ha dedicado a la Docencia desde el a\u00f1o 2010, realizando asignaturas como Taller de Maquetas en la Universidad Internacional de Catalunya, Barcelona, los a\u00f1os 2010 y 2011, como tambi\u00e9n Taller y ramos te\u00f3ricos en la Universidad del Desarrollo, Santiago, desde el a\u00f1o 2012 hasta la fecha.[\/vc_column_text][\/vc_column][\/vc_row]<\/p>\n","protected":false},"excerpt":{"rendered":"[vc_row][vc_column width=&#8221;1\/3&#8243;][vc_column_text css=&#8221;.vc_custom_1613576962900{padding-top: 50px !important;padding-right: 50px !important;padding-left: 50px !important;}&#8221;]Cristian Yazigi Arquitectos Es una oficina de arquitectura situada en Santiago de Chile. En asociaci\u00f3n con otros arquitectos y de manera particular, la oficina ha desarrollado diversos encargos de arquitectura, tales como primeras viviendas situada en la capital, segundas viviendas de playa y de campo, quinchos, piscinas, [&hellip;]","protected":false},"author":1,"featured_media":0,"parent":0,"menu_order":0,"comment_status":"closed","ping_status":"closed","template":"","meta":[],"_links":{"self":[{"href":"https:\/\/cristianyazigi.cl\/index.php?rest_route=\/wp\/v2\/pages\/1461"}],"collection":[{"href":"https:\/\/cristianyazigi.cl\/index.php?rest_route=\/wp\/v2\/pages"}],"about":[{"href":"https:\/\/cristianyazigi.cl\/index.php?rest_route=\/wp\/v2\/types\/page"}],"author":[{"embeddable":true,"href":"https:\/\/cristianyazigi.cl\/index.php?rest_route=\/wp\/v2\/users\/1"}],"replies":[{"embeddable":true,"href":"https:\/\/cristianyazigi.cl\/index.php?rest_route=%2Fwp%2Fv2%2Fcomments&post=1461"}],"version-history":[{"count":15,"href":"https:\/\/cristianyazigi.cl\/index.php?rest_route=\/wp\/v2\/pages\/1461\/revisions"}],"predecessor-version":[{"id":1566,"href":"https:\/\/cristianyazigi.cl\/index.php?rest_route=\/wp\/v2\/pages\/1461\/revisions\/1566"}],"wp:attachment":[{"href":"https:\/\/cristianyazigi.cl\/index.php?rest_route=%2Fwp%2Fv2%2Fmedia&parent=1461"}],"curies":[{"name":"wp","href":"https:\/\/api.w.org\/{rel}","templated":true}]}}