{"id":1474,"date":"2021-02-12T13:49:03","date_gmt":"2021-02-12T16:49:03","guid":{"rendered":"http:\/\/cristianyazigi.cl\/?page_id=1474"},"modified":"2021-02-17T12:50:45","modified_gmt":"2021-02-17T15:50:45","slug":"docencia","status":"publish","type":"page","link":"https:\/\/cristianyazigi.cl\/?page_id=1474","title":{"rendered":"Docencia"},"content":{"rendered":"<p>[vc_row][vc_column width=&#8221;1\/2&#8243;][vc_column_text css=&#8221;.vc_custom_1613577042459{padding-top: 50px !important;padding-right: 50px !important;padding-left: 50px !important;}&#8221;]A partir del a\u00f1o 2004, a\u00fan siendo estudiante de arquitectura, es cuando Cristi\u00e1n comienza a dedicarse a la docencia, inicialmente como ayudante y luego como profesor de las siguientes asignaturas, tanto en la Universidad del Desarrollo, sede Santiago y Concepci\u00f3n, como tambi\u00e9n en la Universidad Internacional de Catalunya. Barcelona.<\/p>\n<p>2012-2021<br \/>\nProfesor Gu\u00eda de Proyecto de Titulo<br \/>\nUniversidad del Desarrollo. Santiago, Chile<\/p>\n<p>2021<br \/>\nAsignatura: Taller de II A\u00f1o de Arquitectura<br \/>\nUniversidad del Desarrollo. Santiago, Chile<\/p>\n<p>2021<br \/>\nAsignatura: Taller de II A\u00f1o de Arquitectura<br \/>\nUniversidad del Desarrollo. Concepci\u00f3n, Chile<\/p>\n<p>2020<br \/>\nAsignatura: Taller de II A\u00f1o de Arquitectura<br \/>\nUniversidad del Desarrollo. Santiago, Chile<\/p>\n<p>2019<br \/>\nAsignatura: Taller de III A\u00f1o de Arquitectura<br \/>\nUniversidad del Desarrollo. Santiago, Chile<\/p>\n<p>2016- 2018<br \/>\nAsignatura: Taller de I A\u00f1o de Arquitectura<br \/>\nUniversidad del Desarrollo. Santiago, Chile<\/p>\n<p>2015<br \/>\nAsignatura: Taller de III A\u00f1o de Arquitectura<strong>\u00a0\u00a0\u00a0\u00a0\u00a0\u00a0 <\/strong><br \/>\nUniversidad del Desarrollo. Santiago, Chile<\/p>\n<p>2014<br \/>\nAsignatura: Taller de III A\u00f1o de Arquitectura<br \/>\nUniversidad del Desarrollo. Santiago, Chile<\/p>\n<p>2014<br \/>\nAsignatura: Composici\u00f3n y Color<strong>\u00a0\u00a0\u00a0\u00a0\u00a0\u00a0\u00a0 <\/strong><br \/>\nUniversidad del Desarrollo. Santiago, Chile<\/p>\n<p>2013<br \/>\nAsignatura: Taller de III A\u00f1o de Arquitectura<br \/>\nUniversidad del Desarrollo. Santiago, Chile<\/p>\n<p>2013<br \/>\nAsignatura: Medios de Expresi\u00f3n<br \/>\nUniversidad del Desarrollo. Santiago, Chile<\/p>\n<p>2013<br \/>\nAsignatura: Composici\u00f3n y Color<br \/>\nUniversidad del Desarrollo. Santiago, Chile<\/p>\n<p>2012<br \/>\nAsignatura: Taller de III A\u00f1o de Arquitectura<br \/>\nUniversidad del Desarrollo. Santiago, Chile<\/p>\n<p>2012<br \/>\nAsignatura: Medios de Expresi\u00f3n<br \/>\nUniversidad del Desarrollo. Santiago, Chile<\/p>\n<p>2011-2010<br \/>\nAsignatura: Taller de Maquetas<br \/>\nUniversidad Internacional de Catalunya. Barcelona, Espa\u00f1a<\/p>\n<p>2008-2004<br \/>\nAyudante: Taller de II, III, IV A\u00f1o<br \/>\nUniversidad del Desarrollo. Santiago, Chile[\/vc_column_text][\/vc_column][\/vc_row]<\/p>\n","protected":false},"excerpt":{"rendered":"[vc_row][vc_column width=&#8221;1\/2&#8243;][vc_column_text css=&#8221;.vc_custom_1613577042459{padding-top: 50px !important;padding-right: 50px !important;padding-left: 50px !important;}&#8221;]A partir del a\u00f1o 2004, a\u00fan siendo estudiante de arquitectura, es cuando Cristi\u00e1n comienza a dedicarse a la docencia, inicialmente como ayudante y luego como profesor de las siguientes asignaturas, tanto en la Universidad del Desarrollo, sede Santiago y Concepci\u00f3n, como tambi\u00e9n en la Universidad Internacional de [&hellip;]","protected":false},"author":1,"featured_media":0,"parent":0,"menu_order":0,"comment_status":"closed","ping_status":"closed","template":"","meta":[],"_links":{"self":[{"href":"https:\/\/cristianyazigi.cl\/index.php?rest_route=\/wp\/v2\/pages\/1474"}],"collection":[{"href":"https:\/\/cristianyazigi.cl\/index.php?rest_route=\/wp\/v2\/pages"}],"about":[{"href":"https:\/\/cristianyazigi.cl\/index.php?rest_route=\/wp\/v2\/types\/page"}],"author":[{"embeddable":true,"href":"https:\/\/cristianyazigi.cl\/index.php?rest_route=\/wp\/v2\/users\/1"}],"replies":[{"embeddable":true,"href":"https:\/\/cristianyazigi.cl\/index.php?rest_route=%2Fwp%2Fv2%2Fcomments&post=1474"}],"version-history":[{"count":8,"href":"https:\/\/cristianyazigi.cl\/index.php?rest_route=\/wp\/v2\/pages\/1474\/revisions"}],"predecessor-version":[{"id":1567,"href":"https:\/\/cristianyazigi.cl\/index.php?rest_route=\/wp\/v2\/pages\/1474\/revisions\/1567"}],"wp:attachment":[{"href":"https:\/\/cristianyazigi.cl\/index.php?rest_route=%2Fwp%2Fv2%2Fmedia&parent=1474"}],"curies":[{"name":"wp","href":"https:\/\/api.w.org\/{rel}","templated":true}]}}